{"id":57,"date":"2013-10-24T14:58:37","date_gmt":"2013-10-24T12:58:37","guid":{"rendered":"http:\/\/www.scwsegeln.at\/?page_id=57"},"modified":"2018-09-02T19:43:43","modified_gmt":"2018-09-02T17:43:43","slug":"ueber-uns","status":"publish","type":"page","link":"https:\/\/www.scwsegeln.at\/?page_id=57","title":{"rendered":"\u00dcber uns"},"content":{"rendered":"<p>Der Segelclub Wildsch\u00f6nau besteht seit 25 Jahren. Das offizielle Gr\u00fcndungsjahr war 1993.<\/p>\n<p>Die Gr\u00fcndungsmitglieder waren Harald Stuefer, Landeskriminaldirektor Walter Pupp und Dr. Peter Bachmann.<\/p>\n<p>Zu dieser Zeit war er der h\u00f6chstgelegenste Segelclub \u00d6sterreichs und besa\u00df in den Jahren 2002-2006 eine 15 Meter Jacht. Am Anfang bestand der Segelclub aus 39 Mitgliedern von denen 2 Skipper waren, mittlerweile ist die Zahl der Skipper auf 8 angestiegen.<\/p>\n<p>Heute steht dem Club eine Jolle f\u00fcr Ausfahrten und Trainingszwecken in unseren heimischen Seen zur Verf\u00fcgung.<br \/>\n4\u20135 x im Jahr geht der Segelclub auf gro\u00dfe Reise. Die Segelt\u00f6rns f\u00fchren in das ionische Meer, iberische Halbinsel und an die Adria (kroatische und slowenische K\u00fcsten).<\/p>\n","protected":false},"excerpt":{"rendered":"<p>Der Segelclub Wildsch\u00f6nau besteht seit 25 Jahren. Das offizielle Gr\u00fcndungsjahr war 1993. Die Gr\u00fcndungsmitglieder waren Harald Stuefer, Landeskriminaldirektor Walter Pupp und Dr. Peter Bachmann. Zu dieser Zeit war er der h\u00f6chstgelegenste Segelclub \u00d6sterreichs und besa\u00df in den Jahren 2002-2006 eine &hellip; <a href=\"https:\/\/www.scwsegeln.at\/?page_id=57\">Weiterlesen <span class=\"meta-nav\">&rarr;<\/span><\/a><\/p>\n","protected":false},"author":1,"featured_media":0,"parent":0,"menu_order":2,"comment_status":"closed","ping_status":"closed","template":"","meta":{"footnotes":""},"class_list":["post-57","page","type-page","status-publish","hentry"],"_links":{"self":[{"href":"https:\/\/www.scwsegeln.at\/index.php?rest_route=\/wp\/v2\/pages\/57","targetHints":{"allow":["GET"]}}],"collection":[{"href":"https:\/\/www.scwsegeln.at\/index.php?rest_route=\/wp\/v2\/pages"}],"about":[{"href":"https:\/\/www.scwsegeln.at\/index.php?rest_route=\/wp\/v2\/types\/page"}],"author":[{"embeddable":true,"href":"https:\/\/www.scwsegeln.at\/index.php?rest_route=\/wp\/v2\/users\/1"}],"replies":[{"embeddable":true,"href":"https:\/\/www.scwsegeln.at\/index.php?rest_route=%2Fwp%2Fv2%2Fcomments&post=57"}],"version-history":[{"count":6,"href":"https:\/\/www.scwsegeln.at\/index.php?rest_route=\/wp\/v2\/pages\/57\/revisions"}],"predecessor-version":[{"id":482,"href":"https:\/\/www.scwsegeln.at\/index.php?rest_route=\/wp\/v2\/pages\/57\/revisions\/482"}],"wp:attachment":[{"href":"https:\/\/www.scwsegeln.at\/index.php?rest_route=%2Fwp%2Fv2%2Fmedia&parent=57"}],"curies":[{"name":"wp","href":"https:\/\/api.w.org\/{rel}","templated":true}]}}