{"id":46,"date":"2013-10-24T14:36:21","date_gmt":"2013-10-24T12:36:21","guid":{"rendered":"http:\/\/www.scwsegeln.at\/?page_id=46"},"modified":"2017-09-22T17:00:44","modified_gmt":"2017-09-22T15:00:44","slug":"fotogalerie","status":"publish","type":"page","link":"https:\/\/www.scwsegeln.at\/?page_id=46","title":{"rendered":"Fotogalerie"},"content":{"rendered":"<p><!--Segelt\u00f6rn September 2017--><br \/>\n<a style=\"font-style: normal;\" href=\"https:\/\/www.scwsegeln.at\/?page_id=454\"><img decoding=\"async\" class=\"wp-image-134 alignleft\" src=\"https:\/\/www.scwsegeln.at\/wp-content\/uploads\/IMAG2961.jpg\" alt=\"\" width=\"135\" height=\"101,25\" \/><\/a><\/p>\n<p style=\"text-align: left;\"><a style=\"font-size: 200%;\" title=\"Segelt\u00f6rn September 2017\" href=\"https:\/\/www.scwsegeln.at\/?page_id=454\">Segelt\u00f6rn September 2017<\/a><\/p>\n<p>&nbsp;<br \/>\n&nbsp;<br \/>\n&nbsp;<br \/>\n&nbsp;<br \/>\n&nbsp;<br \/>\n&nbsp;<\/p>\n<p><!--Segelt\u00f6rn 2016--><br \/>\n<a style=\"font-style: normal;\" href=\"https:\/\/www.scwsegeln.at\/?page_id=401\"><img decoding=\"async\" class=\"wp-image-134 alignleft\" src=\"https:\/\/www.scwsegeln.at\/wp-content\/uploads\/DSC00261n.jpg\" alt=\"\" width=\"135\" height=\"101,25\" \/><\/a><\/p>\n<p style=\"text-align: left;\"><a style=\"font-size: 200%;\" title=\"Segelt\u00f6rn September 2016\" href=\"https:\/\/www.scwsegeln.at\/?page_id=401\">Segelt\u00f6rn September 2016<\/a><\/p>\n<p>&nbsp;<\/p>\n<p><!--Segelt\u00f6rn 2011--><br \/>\n<a style=\"font-style: normal;\" href=\"https:\/\/www.scwsegeln.at\/?page_id=328\"><img decoding=\"async\" class=\"wp-image-134 alignleft\" src=\"https:\/\/www.scwsegeln.at\/wp-content\/uploads\/Kroatien-2011-115.jpg\" alt=\"\" width=\"135\" height=\"101,25\" \/><\/a><\/p>\n<p style=\"text-align: left;\"><a style=\"font-size: 200%;\" title=\"Segelt\u00f6rn 2011\" href=\"https:\/\/www.scwsegeln.at\/?page_id=328\">Segelt\u00f6rn 2011<\/a><\/p>\n<p>&nbsp;<\/p>\n<p><!--Segelt\u00f6rn 2010--><br \/>\n<a style=\"font-style: normal;\" href=\"https:\/\/www.scwsegeln.at\/?page_id=215\"><img decoding=\"async\" class=\"wp-image-134 alignleft\" src=\"https:\/\/www.scwsegeln.at\/wp-content\/uploads\/IMG_0182.jpg\" alt=\"\" width=\"135\" height=\"101,25\" srcset=\"https:\/\/www.scwsegeln.at\/wp-content\/uploads\/IMG_0182.jpg 2560w, https:\/\/www.scwsegeln.at\/wp-content\/uploads\/IMG_0182-300x225.jpg 300w, https:\/\/www.scwsegeln.at\/wp-content\/uploads\/IMG_0182-1024x768.jpg 1024w, https:\/\/www.scwsegeln.at\/wp-content\/uploads\/IMG_0182-400x300.jpg 400w\" sizes=\"(max-width: 2560px) 100vw, 2560px\" \/><\/a><\/p>\n<p style=\"text-align: left;\"><a style=\"font-size: 200%;\" title=\"Segelt\u00f6rn 2010 mit SC Kufstein\" href=\"https:\/\/www.scwsegeln.at\/?page_id=215\">Segelt\u00f6rn 2010 mit SC Kufstein<\/a><\/p>\n<p>&nbsp;<\/p>\n<p><!--Segelt\u00f6rn Juni 2010--><br \/>\n<a style=\"font-style: normal;\" href=\"https:\/\/www.scwsegeln.at\/?page_id=125\"><img decoding=\"async\" class=\"wp-image-134 alignleft\" src=\"https:\/\/www.scwsegeln.at\/wp-content\/uploads\/WP_000495.jpg\" alt=\"\" width=\"135\" height=\"101,25\" \/><\/a><\/p>\n<p style=\"text-align: left;\"><a style=\"font-size: 200%;\" title=\"Segelt\u00f6rn Juni 2010\" href=\"https:\/\/www.scwsegeln.at\/?page_id=125\">Segelt\u00f6rn Juni 2010<\/a><\/p>\n<p>&nbsp;<\/p>\n<p><!--Segelt\u00f6rn 2007 --><br \/>\n<a style=\"font-style: normal;\" href=\"https:\/\/www.scwsegeln.at\/?page_id=352\"><img decoding=\"async\" class=\"wp-image-134 alignleft\" src=\"https:\/\/www.scwsegeln.at\/wp-content\/uploads\/1.jpg\" alt=\"\" width=\"135\" height=\"101,25\" \/><\/a><\/p>\n<p style=\"text-align: left;\"><a style=\"font-size: 200%;\" title=\"Segelt\u00f6rn 2007\" href=\"https:\/\/www.scwsegeln.at\/?page_id=352\">Segelt\u00f6rn 2007<\/a><\/p>\n<p>&nbsp;<\/p>\n<p><!--Segelt\u00f6rn Oktober 2006 --><br \/>\n<a style=\"font-style: normal;\" href=\"https:\/\/www.scwsegeln.at\/?page_id=241\"><img decoding=\"async\" class=\"wp-image-134 alignleft\" src=\"https:\/\/www.scwsegeln.at\/wp-content\/uploads\/Kroatien-Segelto%CC%88rn-21.-bis-28.-10.-2006-009.jpg\" alt=\"\" width=\"135\" height=\"101,25\" \/><\/a><\/p>\n<p style=\"text-align: left;\"><a style=\"font-size: 200%;\" title=\"Segelt\u00f6rn Oktober 2006\" href=\"https:\/\/www.scwsegeln.at\/?page_id=241\">Segelt\u00f6rn Oktober 2006<\/a><\/p>\n<p>&nbsp;<\/p>\n<p><!--Segelt\u00f6rn Mai 2005 --><br \/>\n<a style=\"font-style: normal;\" href=\"https:\/\/www.scwsegeln.at\/?page_id=298\"><img decoding=\"async\" class=\"wp-image-134 alignleft\" src=\"https:\/\/www.scwsegeln.at\/wp-content\/uploads\/Tiara2.jpg\" alt=\"\" width=\"135\" height=\"101,25\" \/><\/a><\/p>\n<p style=\"text-align: left;\"><a style=\"font-size: 200%;\" title=\"Segelt\u00f6rn Mai 2005\" href=\"https:\/\/www.scwsegeln.at\/?page_id=298\">Segelt\u00f6rn Mai 2005<\/a><\/p>\n<p>&nbsp;<\/p>\n<p><!--Segelt\u00f6rn Juli 2004--><br \/>\n<a style=\"font-style: normal;\" href=\"https:\/\/www.scwsegeln.at\/?page_id=267\"><img decoding=\"async\" class=\"wp-image-134 alignleft\" src=\"https:\/\/www.scwsegeln.at\/wp-content\/uploads\/DSC00551.jpg\" alt=\"\" width=\"135\" height=\"101,25\" \/><\/a><\/p>\n<p style=\"text-align: left;\"><a style=\"font-size: 200%;\" title=\"Segelt\u00f6rn Juli 2004\" href=\"https:\/\/www.scwsegeln.at\/?page_id=267\">Segelt\u00f6rn Juli 2004<\/a><\/p>\n<p>&nbsp;<\/p>\n<p><!--Segelt\u00f6rn 2004--><br \/>\n<a style=\"font-style: normal;\" href=\"https:\/\/www.scwsegeln.at\/?page_id=283\"><img decoding=\"async\" class=\"wp-image-134 alignleft\" src=\"https:\/\/www.scwsegeln.at\/wp-content\/uploads\/IMG_0126.jpg\" alt=\"\" width=\"135\" height=\"101,25\" \/><\/a><\/p>\n<p style=\"text-align: left;\"><a style=\"font-size: 200%;\" title=\"Segelt\u00f6rn 2004\" href=\"https:\/\/www.scwsegeln.at\/?page_id=283\">Segelt\u00f6rn 2004<\/a><\/p>\n<p>&nbsp;<\/p>\n<p><!--Segelt\u00f6rn 2003--><br \/>\n<a style=\"font-style: normal;\" href=\"https:\/\/www.scwsegeln.at\/?page_id=339\"><img decoding=\"async\" class=\"wp-image-134 alignleft\" src=\"https:\/\/www.scwsegeln.at\/wp-content\/uploads\/P8300011.jpg\" alt=\"\" width=\"135\" height=\"101,25\" \/><\/a><\/p>\n<p style=\"text-align: left;\"><a style=\"font-size: 200%;\" title=\"Segelt\u00f6rn 2003\" href=\"https:\/\/www.scwsegeln.at\/?page_id=339\">Segelt\u00f6rn 2003<\/a><\/p>\n<p>&nbsp;<\/p>\n<p><!--Segelt\u00f6rn 2002--><br \/>\n<a style=\"font-style: normal;\" href=\"https:\/\/www.scwsegeln.at\/?page_id=311\"><img decoding=\"async\" class=\"wp-image-134 alignleft\" src=\"https:\/\/www.scwsegeln.at\/wp-content\/uploads\/P1010005.jpg\" alt=\"\" width=\"135\" height=\"101,25\" \/><\/a><\/p>\n<p style=\"text-align: left;\"><a style=\"font-size: 200%;\" title=\"Segelt\u00f6rn 2002\" href=\"https:\/\/www.scwsegeln.at\/?page_id=311\">Segelt\u00f6rn 2002<\/a><\/p>\n<p>&nbsp;<\/p>\n","protected":false},"excerpt":{"rendered":"<p>Segelt\u00f6rn September 2017 &nbsp; &nbsp; &nbsp; &nbsp; &nbsp; &nbsp; Segelt\u00f6rn September 2016 &nbsp; Segelt\u00f6rn 2011 &nbsp; Segelt\u00f6rn 2010 mit SC Kufstein &nbsp; Segelt\u00f6rn Juni 2010 &nbsp; Segelt\u00f6rn 2007 &nbsp; Segelt\u00f6rn Oktober 2006 &nbsp; Segelt\u00f6rn Mai 2005 &nbsp; Segelt\u00f6rn Juli 2004 &hellip; <a href=\"https:\/\/www.scwsegeln.at\/?page_id=46\">Weiterlesen <span class=\"meta-nav\">&rarr;<\/span><\/a><\/p>\n","protected":false},"author":1,"featured_media":0,"parent":0,"menu_order":4,"comment_status":"closed","ping_status":"closed","template":"","meta":{"footnotes":""},"class_list":["post-46","page","type-page","status-publish","hentry"],"_links":{"self":[{"href":"https:\/\/www.scwsegeln.at\/index.php?rest_route=\/wp\/v2\/pages\/46","targetHints":{"allow":["GET"]}}],"collection":[{"href":"https:\/\/www.scwsegeln.at\/index.php?rest_route=\/wp\/v2\/pages"}],"about":[{"href":"https:\/\/www.scwsegeln.at\/index.php?rest_route=\/wp\/v2\/types\/page"}],"author":[{"embeddable":true,"href":"https:\/\/www.scwsegeln.at\/index.php?rest_route=\/wp\/v2\/users\/1"}],"replies":[{"embeddable":true,"href":"https:\/\/www.scwsegeln.at\/index.php?rest_route=%2Fwp%2Fv2%2Fcomments&post=46"}],"version-history":[{"count":41,"href":"https:\/\/www.scwsegeln.at\/index.php?rest_route=\/wp\/v2\/pages\/46\/revisions"}],"predecessor-version":[{"id":468,"href":"https:\/\/www.scwsegeln.at\/index.php?rest_route=\/wp\/v2\/pages\/46\/revisions\/468"}],"wp:attachment":[{"href":"https:\/\/www.scwsegeln.at\/index.php?rest_route=%2Fwp%2Fv2%2Fmedia&parent=46"}],"curies":[{"name":"wp","href":"https:\/\/api.w.org\/{rel}","templated":true}]}}