{"id":29,"date":"2013-10-23T17:36:27","date_gmt":"2013-10-23T15:36:27","guid":{"rendered":"http:\/\/www.scwsegeln.at\/?page_id=29"},"modified":"2016-05-07T20:42:11","modified_gmt":"2016-05-07T18:42:11","slug":"impressum","status":"publish","type":"page","link":"https:\/\/www.scwsegeln.at\/?page_id=29","title":{"rendered":"Impressum"},"content":{"rendered":"<p><strong>Segelclub Wildsch\u00f6nau<\/strong><\/p>\n<p>Bernd Opperer<\/p>\n<p>A-6314 Wildsch\u00f6nau<\/p>\n<p><a title=\"www.scwsegeln.at\" href=\"https:\/\/www.scwsegeln.at\">www.scwsegeln.at<\/a><br \/>\n<a href=\"mailto:doschek@gmx.at\">doschek@gmx.at<\/a><\/p>\n<p>&nbsp;<\/p>\n<p><strong>Webmaster<\/strong><\/p>\n<p><a href=\"mailto:admin@scwsegeln.at\">admin@scwsegeln.at<\/a><\/p>\n<p>&nbsp;<\/p>\n<p><strong>Haftung f\u00fcr Links<\/strong><\/p>\n<p>Der Segelclub Wildsch\u00f6nau \u00fcbernimmt keine Haftung bei direkten oder indirekten Verweisen auf fremde Webseiten (&#8222;Links&#8220;). Au\u00dferdem wird hiermit ausdr\u00fccklich erkl\u00e4rt, dass zum Zeitpunkt der Linksetzung keine illegalen Inhalte auf den zu verlinkenden Seiten erkennbar waren. Auf die aktuelle und zuk\u00fcnftige Gestaltung, die Inhalte oder die Urheberschaft der verlinkten Seiten hat der Segelclub Wildsch\u00f6nau keinen Einfluss.<\/p>\n<p>&nbsp;<\/p>\n<p><strong>Quellenangaben f\u00fcr die verwendeten Bilder und Grafiken<\/strong><\/p>\n<p>S\u00e4mtliche Bilder stammen aus dem privaten Besitz der Mitglieder des Segelclubs Wildsch\u00f6nau.<\/p>\n<p>&nbsp;<\/p>\n","protected":false},"excerpt":{"rendered":"<p>Segelclub Wildsch\u00f6nau Bernd Opperer A-6314 Wildsch\u00f6nau www.scwsegeln.at doschek@gmx.at &nbsp; Webmaster admin@scwsegeln.at &nbsp; Haftung f\u00fcr Links Der Segelclub Wildsch\u00f6nau \u00fcbernimmt keine Haftung bei direkten oder indirekten Verweisen auf fremde Webseiten (&#8222;Links&#8220;). Au\u00dferdem wird hiermit ausdr\u00fccklich erkl\u00e4rt, dass zum Zeitpunkt der Linksetzung &hellip; <a href=\"https:\/\/www.scwsegeln.at\/?page_id=29\">Weiterlesen <span class=\"meta-nav\">&rarr;<\/span><\/a><\/p>\n","protected":false},"author":1,"featured_media":0,"parent":0,"menu_order":7,"comment_status":"closed","ping_status":"closed","template":"","meta":{"footnotes":""},"class_list":["post-29","page","type-page","status-publish","hentry"],"_links":{"self":[{"href":"https:\/\/www.scwsegeln.at\/index.php?rest_route=\/wp\/v2\/pages\/29","targetHints":{"allow":["GET"]}}],"collection":[{"href":"https:\/\/www.scwsegeln.at\/index.php?rest_route=\/wp\/v2\/pages"}],"about":[{"href":"https:\/\/www.scwsegeln.at\/index.php?rest_route=\/wp\/v2\/types\/page"}],"author":[{"embeddable":true,"href":"https:\/\/www.scwsegeln.at\/index.php?rest_route=\/wp\/v2\/users\/1"}],"replies":[{"embeddable":true,"href":"https:\/\/www.scwsegeln.at\/index.php?rest_route=%2Fwp%2Fv2%2Fcomments&post=29"}],"version-history":[{"count":9,"href":"https:\/\/www.scwsegeln.at\/index.php?rest_route=\/wp\/v2\/pages\/29\/revisions"}],"predecessor-version":[{"id":374,"href":"https:\/\/www.scwsegeln.at\/index.php?rest_route=\/wp\/v2\/pages\/29\/revisions\/374"}],"wp:attachment":[{"href":"https:\/\/www.scwsegeln.at\/index.php?rest_route=%2Fwp%2Fv2%2Fmedia&parent=29"}],"curies":[{"name":"wp","href":"https:\/\/api.w.org\/{rel}","templated":true}]}}